{"id":3279,"date":"2022-04-26T12:09:45","date_gmt":"2022-04-26T10:09:45","guid":{"rendered":"https:\/\/immo78.ch\/?page_id=3279"},"modified":"2025-10-22T13:29:48","modified_gmt":"2025-10-22T11:29:48","slug":"normes","status":"publish","type":"page","link":"https:\/\/immo78.ch\/it\/services\/normes\/","title":{"rendered":"Normes et r\u00e8glementation"},"content":{"rendered":"<div data-elementor-type=\"wp-page\" data-elementor-id=\"3279\" class=\"elementor elementor-3279\" data-elementor-post-type=\"page\">\n\t\t\t\t\t\t<section data-particle_enable=\"false\" data-particle-mobile-disabled=\"false\" class=\"has_ae_slider elementor-section elementor-top-section elementor-element elementor-element-5b6f518 elementor-section-boxed elementor-section-height-default elementor-section-height-default ae-bg-gallery-type-default\" data-id=\"5b6f518\" data-element_type=\"section\" data-e-type=\"section\" data-settings=\"{&quot;jet_parallax_layout_list&quot;:[]}\">\n\t\t\t\t\t\t<div class=\"elementor-container elementor-column-gap-default\">\n\t\t\t\t\t<div class=\"has_ae_slider elementor-column elementor-col-100 elementor-top-column elementor-element elementor-element-5045271a ae-bg-gallery-type-default\" data-id=\"5045271a\" data-element_type=\"column\" data-e-type=\"column\">\n\t\t\t<div class=\"elementor-widget-wrap elementor-element-populated\">\n\t\t\t\t\t\t<div class=\"elementor-element elementor-element-69cba0b6 elementor-widget elementor-widget-image\" data-id=\"69cba0b6\" data-element_type=\"widget\" data-e-type=\"widget\" data-widget_type=\"image.default\">\n\t\t\t\t<div class=\"elementor-widget-container\">\n\t\t\t\t\t\t\t\t\t\t\t\t\t\t\t<img fetchpriority=\"high\" decoding=\"async\" width=\"1920\" height=\"800\" src=\"https:\/\/immo78.ch\/wp-content\/uploads\/2025\/10\/31-07-2020-6-scaled-e1651495792799-aspect-ratio-1920-800.jpg\" class=\"attachment-full size-full wp-image-3678\" alt=\"\" srcset=\"https:\/\/immo78.ch\/wp-content\/uploads\/2025\/10\/31-07-2020-6-scaled-e1651495792799-aspect-ratio-1920-800.jpg 1920w, https:\/\/immo78.ch\/wp-content\/uploads\/2025\/10\/31-07-2020-6-scaled-e1651495792799-aspect-ratio-1920-800-300x125.jpg 300w, https:\/\/immo78.ch\/wp-content\/uploads\/2025\/10\/31-07-2020-6-scaled-e1651495792799-aspect-ratio-1920-800-1024x427.jpg 1024w, https:\/\/immo78.ch\/wp-content\/uploads\/2025\/10\/31-07-2020-6-scaled-e1651495792799-aspect-ratio-1920-800-768x320.jpg 768w, https:\/\/immo78.ch\/wp-content\/uploads\/2025\/10\/31-07-2020-6-scaled-e1651495792799-aspect-ratio-1920-800-1536x640.jpg 1536w\" sizes=\"(max-width: 1920px) 100vw, 1920px\" \/>\t\t\t\t\t\t\t\t\t\t\t\t\t\t\t<\/div>\n\t\t\t\t<\/div>\n\t\t\t\t\t<\/div>\n\t\t<\/div>\n\t\t\t\t\t<\/div>\n\t\t<\/section>\n\t\t\t\t<section data-particle_enable=\"false\" data-particle-mobile-disabled=\"false\" class=\"has_ae_slider elementor-section elementor-top-section elementor-element elementor-element-b62ac29 elementor-section-boxed elementor-section-height-default elementor-section-height-default ae-bg-gallery-type-default\" data-id=\"b62ac29\" data-element_type=\"section\" data-e-type=\"section\" data-settings=\"{&quot;jet_parallax_layout_list&quot;:[]}\">\n\t\t\t\t\t\t<div class=\"elementor-container elementor-column-gap-default\">\n\t\t\t\t\t<div class=\"has_ae_slider elementor-column elementor-col-33 elementor-top-column elementor-element elementor-element-739ceebd ae-bg-gallery-type-default\" data-id=\"739ceebd\" data-element_type=\"column\" data-e-type=\"column\">\n\t\t\t<div class=\"elementor-widget-wrap elementor-element-populated\">\n\t\t\t\t\t\t<div class=\"elementor-element elementor-element-3d32144f elementor-widget elementor-widget-text-editor\" data-id=\"3d32144f\" data-element_type=\"widget\" data-e-type=\"widget\" data-widget_type=\"text-editor.default\">\n\t\t\t\t<div class=\"elementor-widget-container\">\n\t\t\t\t\t\t\t\t\tIn collaborazione con lo studio dell'architetto, Immo78 s\u00e0rl sar\u00e0 fedele al rispetto delle norme antincendio ed energetiche, impegnato in progetti con marchio Minergie, rispettoso delle norme sulla natura e sul paesaggio e sensibile alla trasformazione degli edifici storici. Garantita dalla presenza in numerose associazioni professionali, SIA-REG A-UTS, Immo78 s\u00e0rl \u00e8 sempre attenta all'evoluzione delle leggi e dei regolamenti, nonch\u00e9 delle tecnologie edilizie.\t\t\t\t\t\t\t\t<\/div>\n\t\t\t\t<\/div>\n\t\t\t\t\t<\/div>\n\t\t<\/div>\n\t\t\t\t<div class=\"has_ae_slider elementor-column elementor-col-33 elementor-top-column elementor-element elementor-element-7c1e99d0 ae-bg-gallery-type-default\" data-id=\"7c1e99d0\" data-element_type=\"column\" data-e-type=\"column\">\n\t\t\t<div class=\"elementor-widget-wrap\">\n\t\t\t\t\t\t\t<\/div>\n\t\t<\/div>\n\t\t\t\t<div class=\"has_ae_slider elementor-column elementor-col-33 elementor-top-column elementor-element elementor-element-1ddfd2ec ae-bg-gallery-type-default\" data-id=\"1ddfd2ec\" data-element_type=\"column\" data-e-type=\"column\">\n\t\t\t<div class=\"elementor-widget-wrap\">\n\t\t\t\t\t\t\t<\/div>\n\t\t<\/div>\n\t\t\t\t\t<\/div>\n\t\t<\/section>\n\t\t\t\t<section data-particle_enable=\"false\" data-particle-mobile-disabled=\"false\" class=\"has_ae_slider elementor-section elementor-top-section elementor-element elementor-element-6c21cb71 elementor-section-boxed elementor-section-height-default elementor-section-height-default ae-bg-gallery-type-default\" data-id=\"6c21cb71\" data-element_type=\"section\" data-e-type=\"section\" data-settings=\"{&quot;jet_parallax_layout_list&quot;:[]}\">\n\t\t\t\t\t\t<div class=\"elementor-container elementor-column-gap-default\">\n\t\t\t\t\t<div class=\"has_ae_slider elementor-column elementor-col-100 elementor-top-column elementor-element elementor-element-478ccb1f ae-bg-gallery-type-default\" data-id=\"478ccb1f\" data-element_type=\"column\" data-e-type=\"column\">\n\t\t\t<div class=\"elementor-widget-wrap elementor-element-populated\">\n\t\t\t\t\t\t<div class=\"elementor-element elementor-element-28484f6f elementor-align-justify elementor-widget elementor-widget-button\" data-id=\"28484f6f\" data-element_type=\"widget\" data-e-type=\"widget\" data-widget_type=\"button.default\">\n\t\t\t\t<div class=\"elementor-widget-container\">\n\t\t\t\t\t\t\t\t\t<div class=\"elementor-button-wrapper\">\n\t\t\t\t\t<a class=\"elementor-button elementor-button-link elementor-size-sm\" href=\"mailto:info@atelier78.ch\">\n\t\t\t\t\t\t<span class=\"elementor-button-content-wrapper\">\n\t\t\t\t\t\t\t\t\t<span class=\"elementor-button-text\">Sono interessato a questo servizio<\/span>\n\t\t\t\t\t<\/span>\n\t\t\t\t\t<\/a>\n\t\t\t\t<\/div>\n\t\t\t\t\t\t\t\t<\/div>\n\t\t\t\t<\/div>\n\t\t\t\t\t<\/div>\n\t\t<\/div>\n\t\t\t\t\t<\/div>\n\t\t<\/section>\n\t\t\t\t<\/div>","protected":false},"excerpt":{"rendered":"<p>Contacter Atelier78 par mail<\/p>","protected":false},"author":1,"featured_media":0,"parent":3256,"menu_order":3,"comment_status":"closed","ping_status":"closed","template":"elementor_header_footer","meta":{"_acf_changed":false,"inline_featured_image":false,"footnotes":""},"class_list":["post-3279","page","type-page","status-publish","hentry"],"acf":[],"_links":{"self":[{"href":"https:\/\/immo78.ch\/it\/wp-json\/wp\/v2\/pages\/3279","targetHints":{"allow":["GET"]}}],"collection":[{"href":"https:\/\/immo78.ch\/it\/wp-json\/wp\/v2\/pages"}],"about":[{"href":"https:\/\/immo78.ch\/it\/wp-json\/wp\/v2\/types\/page"}],"author":[{"embeddable":true,"href":"https:\/\/immo78.ch\/it\/wp-json\/wp\/v2\/users\/1"}],"replies":[{"embeddable":true,"href":"https:\/\/immo78.ch\/it\/wp-json\/wp\/v2\/comments?post=3279"}],"version-history":[{"count":0,"href":"https:\/\/immo78.ch\/it\/wp-json\/wp\/v2\/pages\/3279\/revisions"}],"up":[{"embeddable":true,"href":"https:\/\/immo78.ch\/it\/wp-json\/wp\/v2\/pages\/3256"}],"wp:attachment":[{"href":"https:\/\/immo78.ch\/it\/wp-json\/wp\/v2\/media?parent=3279"}],"curies":[{"name":"wp","href":"https:\/\/api.w.org\/{rel}","templated":true}]}}