{"id":3277,"date":"2022-04-26T12:09:08","date_gmt":"2022-04-26T10:09:08","guid":{"rendered":"https:\/\/immo78.ch\/?page_id=3277"},"modified":"2022-04-26T13:45:22","modified_gmt":"2022-04-26T11:45:22","slug":"entreprise-generale","status":"publish","type":"page","link":"https:\/\/immo78.ch\/it\/services\/entreprise-generale\/","title":{"rendered":"Appaltatore generale"},"content":{"rendered":"<div data-elementor-type=\"wp-page\" data-elementor-id=\"3277\" class=\"elementor elementor-3277\" data-elementor-post-type=\"page\">\n\t\t\t\t\t\t<section data-particle_enable=\"false\" data-particle-mobile-disabled=\"false\" class=\"has_ae_slider elementor-section elementor-top-section elementor-element elementor-element-1e341ba3 elementor-section-boxed elementor-section-height-default elementor-section-height-default ae-bg-gallery-type-default\" data-id=\"1e341ba3\" data-element_type=\"section\" data-e-type=\"section\" data-settings=\"{&quot;jet_parallax_layout_list&quot;:[]}\">\n\t\t\t\t\t\t<div class=\"elementor-container elementor-column-gap-default\">\n\t\t\t\t\t<div class=\"has_ae_slider elementor-column elementor-col-100 elementor-top-column elementor-element elementor-element-46898c09 ae-bg-gallery-type-default\" data-id=\"46898c09\" data-element_type=\"column\" data-e-type=\"column\">\n\t\t\t<div class=\"elementor-widget-wrap elementor-element-populated\">\n\t\t\t\t\t\t<div class=\"elementor-element elementor-element-2ded55a4 elementor-widget elementor-widget-image\" data-id=\"2ded55a4\" data-element_type=\"widget\" data-e-type=\"widget\" data-widget_type=\"image.default\">\n\t\t\t\t<div class=\"elementor-widget-container\">\n\t\t\t\t\t\t\t\t\t\t\t\t\t\t\t<img fetchpriority=\"high\" decoding=\"async\" width=\"1920\" height=\"801\" src=\"https:\/\/immo78.ch\/wp-content\/uploads\/2022\/04\/Entreprise_generale-cover-aspect-ratio-1920-800.jpg\" class=\"attachment-full size-full wp-image-3362\" alt=\"\" srcset=\"https:\/\/immo78.ch\/wp-content\/uploads\/2022\/04\/Entreprise_generale-cover-aspect-ratio-1920-800.jpg 1920w, https:\/\/immo78.ch\/wp-content\/uploads\/2022\/04\/Entreprise_generale-cover-aspect-ratio-1920-800-300x125.jpg 300w, https:\/\/immo78.ch\/wp-content\/uploads\/2022\/04\/Entreprise_generale-cover-aspect-ratio-1920-800-1024x427.jpg 1024w, https:\/\/immo78.ch\/wp-content\/uploads\/2022\/04\/Entreprise_generale-cover-aspect-ratio-1920-800-768x320.jpg 768w, https:\/\/immo78.ch\/wp-content\/uploads\/2022\/04\/Entreprise_generale-cover-aspect-ratio-1920-800-1536x641.jpg 1536w\" sizes=\"(max-width: 1920px) 100vw, 1920px\" \/>\t\t\t\t\t\t\t\t\t\t\t\t\t\t\t<\/div>\n\t\t\t\t<\/div>\n\t\t\t\t\t<\/div>\n\t\t<\/div>\n\t\t\t\t\t<\/div>\n\t\t<\/section>\n\t\t\t\t<section data-particle_enable=\"false\" data-particle-mobile-disabled=\"false\" class=\"has_ae_slider elementor-section elementor-top-section elementor-element elementor-element-22227935 elementor-section-boxed elementor-section-height-default elementor-section-height-default ae-bg-gallery-type-default\" data-id=\"22227935\" data-element_type=\"section\" data-e-type=\"section\" data-settings=\"{&quot;jet_parallax_layout_list&quot;:[]}\">\n\t\t\t\t\t\t<div class=\"elementor-container elementor-column-gap-default\">\n\t\t\t\t\t<div class=\"has_ae_slider elementor-column elementor-col-33 elementor-top-column elementor-element elementor-element-6f91a18 ae-bg-gallery-type-default\" data-id=\"6f91a18\" data-element_type=\"column\" data-e-type=\"column\">\n\t\t\t<div class=\"elementor-widget-wrap elementor-element-populated\">\n\t\t\t\t\t\t<div class=\"elementor-element elementor-element-76a23b8c elementor-widget elementor-widget-text-editor\" data-id=\"76a23b8c\" data-element_type=\"widget\" data-e-type=\"widget\" data-widget_type=\"text-editor.default\">\n\t\t\t\t<div class=\"elementor-widget-container\">\n\t\t\t\t\t\t\t\t\tAu travers de ses futures constructions, Immo78 s\u00e0rl entend exploiter ses nombreuses connaissances des professions de la construction, acquises durant plus de 35 ans. Par sa parfaite ma\u00eetrise du milieu du b\u00e2timent, Immo78 s\u00e0rl s\u2019engage au respect le plus stricte des prix et la recherche de solution de construction \u00e9conomique et durable.\t\t\t\t\t\t\t\t<\/div>\n\t\t\t\t<\/div>\n\t\t\t\t\t<\/div>\n\t\t<\/div>\n\t\t\t\t<div class=\"has_ae_slider elementor-column elementor-col-33 elementor-top-column elementor-element elementor-element-17f9a5fc ae-bg-gallery-type-default\" data-id=\"17f9a5fc\" data-element_type=\"column\" data-e-type=\"column\">\n\t\t\t<div class=\"elementor-widget-wrap\">\n\t\t\t\t\t\t\t<\/div>\n\t\t<\/div>\n\t\t\t\t<div class=\"has_ae_slider elementor-column elementor-col-33 elementor-top-column elementor-element elementor-element-5063fcef ae-bg-gallery-type-default\" data-id=\"5063fcef\" data-element_type=\"column\" data-e-type=\"column\">\n\t\t\t<div class=\"elementor-widget-wrap\">\n\t\t\t\t\t\t\t<\/div>\n\t\t<\/div>\n\t\t\t\t\t<\/div>\n\t\t<\/section>\n\t\t\t\t<section data-particle_enable=\"false\" data-particle-mobile-disabled=\"false\" class=\"has_ae_slider elementor-section elementor-top-section elementor-element elementor-element-672d384e elementor-section-boxed elementor-section-height-default elementor-section-height-default ae-bg-gallery-type-default\" data-id=\"672d384e\" data-element_type=\"section\" data-e-type=\"section\" data-settings=\"{&quot;jet_parallax_layout_list&quot;:[]}\">\n\t\t\t\t\t\t<div class=\"elementor-container elementor-column-gap-default\">\n\t\t\t\t\t<div class=\"has_ae_slider elementor-column elementor-col-100 elementor-top-column elementor-element elementor-element-34794cbf ae-bg-gallery-type-default\" data-id=\"34794cbf\" data-element_type=\"column\" data-e-type=\"column\">\n\t\t\t<div class=\"elementor-widget-wrap elementor-element-populated\">\n\t\t\t\t\t\t<div class=\"elementor-element elementor-element-7bfb35b1 elementor-align-justify elementor-widget elementor-widget-button\" data-id=\"7bfb35b1\" data-element_type=\"widget\" data-e-type=\"widget\" data-widget_type=\"button.default\">\n\t\t\t\t<div class=\"elementor-widget-container\">\n\t\t\t\t\t\t\t\t\t<div class=\"elementor-button-wrapper\">\n\t\t\t\t\t<a class=\"elementor-button elementor-button-link elementor-size-sm\" href=\"mailto:info@atelier78.ch\">\n\t\t\t\t\t\t<span class=\"elementor-button-content-wrapper\">\n\t\t\t\t\t\t\t\t\t<span class=\"elementor-button-text\">Sono interessato a questo servizio<\/span>\n\t\t\t\t\t<\/span>\n\t\t\t\t\t<\/a>\n\t\t\t\t<\/div>\n\t\t\t\t\t\t\t\t<\/div>\n\t\t\t\t<\/div>\n\t\t\t\t\t<\/div>\n\t\t<\/div>\n\t\t\t\t\t<\/div>\n\t\t<\/section>\n\t\t\t\t<\/div>","protected":false},"excerpt":{"rendered":"<p>Sono interessato a questo servizio<\/p>","protected":false},"author":1,"featured_media":0,"parent":3256,"menu_order":2,"comment_status":"closed","ping_status":"closed","template":"elementor_header_footer","meta":{"_acf_changed":false,"inline_featured_image":false,"footnotes":""},"class_list":["post-3277","page","type-page","status-publish","hentry"],"acf":[],"_links":{"self":[{"href":"https:\/\/immo78.ch\/it\/wp-json\/wp\/v2\/pages\/3277","targetHints":{"allow":["GET"]}}],"collection":[{"href":"https:\/\/immo78.ch\/it\/wp-json\/wp\/v2\/pages"}],"about":[{"href":"https:\/\/immo78.ch\/it\/wp-json\/wp\/v2\/types\/page"}],"author":[{"embeddable":true,"href":"https:\/\/immo78.ch\/it\/wp-json\/wp\/v2\/users\/1"}],"replies":[{"embeddable":true,"href":"https:\/\/immo78.ch\/it\/wp-json\/wp\/v2\/comments?post=3277"}],"version-history":[{"count":0,"href":"https:\/\/immo78.ch\/it\/wp-json\/wp\/v2\/pages\/3277\/revisions"}],"up":[{"embeddable":true,"href":"https:\/\/immo78.ch\/it\/wp-json\/wp\/v2\/pages\/3256"}],"wp:attachment":[{"href":"https:\/\/immo78.ch\/it\/wp-json\/wp\/v2\/media?parent=3277"}],"curies":[{"name":"wp","href":"https:\/\/api.w.org\/{rel}","templated":true}]}}