{"id":3281,"date":"2022-04-26T12:10:12","date_gmt":"2022-04-26T10:10:12","guid":{"rendered":"https:\/\/immo78.ch\/?page_id=3281"},"modified":"2022-05-13T14:41:54","modified_gmt":"2022-05-13T12:41:54","slug":"renovation-et-transformation","status":"publish","type":"page","link":"https:\/\/immo78.ch\/de\/services\/renovation-et-transformation\/","title":{"rendered":"Renovierung und Umbau"},"content":{"rendered":"<div data-elementor-type=\"wp-page\" data-elementor-id=\"3281\" class=\"elementor elementor-3281\" data-elementor-post-type=\"page\">\n\t\t\t\t\t\t<section data-particle_enable=\"false\" data-particle-mobile-disabled=\"false\" class=\"has_ae_slider elementor-section elementor-top-section elementor-element elementor-element-433d2a77 elementor-section-boxed elementor-section-height-default elementor-section-height-default ae-bg-gallery-type-default\" data-id=\"433d2a77\" data-element_type=\"section\" data-e-type=\"section\" data-settings=\"{&quot;jet_parallax_layout_list&quot;:[]}\">\n\t\t\t\t\t\t<div class=\"elementor-container elementor-column-gap-default\">\n\t\t\t\t\t<div class=\"has_ae_slider elementor-column elementor-col-100 elementor-top-column elementor-element elementor-element-20a31585 ae-bg-gallery-type-default\" data-id=\"20a31585\" data-element_type=\"column\" data-e-type=\"column\">\n\t\t\t<div class=\"elementor-widget-wrap elementor-element-populated\">\n\t\t\t\t\t\t<div class=\"elementor-element elementor-element-4bdf8070 elementor-widget elementor-widget-image\" data-id=\"4bdf8070\" data-element_type=\"widget\" data-e-type=\"widget\" data-widget_type=\"image.default\">\n\t\t\t\t<div class=\"elementor-widget-container\">\n\t\t\t\t\t\t\t\t\t\t\t\t\t\t\t<img fetchpriority=\"high\" decoding=\"async\" width=\"1920\" height=\"800\" src=\"https:\/\/immo78.ch\/wp-content\/uploads\/2022\/05\/Besson_Penthalaz-aspect-ratio-1920-800-1.jpg\" class=\"attachment-full size-full wp-image-3448\" alt=\"\" srcset=\"https:\/\/immo78.ch\/wp-content\/uploads\/2022\/05\/Besson_Penthalaz-aspect-ratio-1920-800-1.jpg 1920w, https:\/\/immo78.ch\/wp-content\/uploads\/2022\/05\/Besson_Penthalaz-aspect-ratio-1920-800-1-300x125.jpg 300w, https:\/\/immo78.ch\/wp-content\/uploads\/2022\/05\/Besson_Penthalaz-aspect-ratio-1920-800-1-1024x427.jpg 1024w, https:\/\/immo78.ch\/wp-content\/uploads\/2022\/05\/Besson_Penthalaz-aspect-ratio-1920-800-1-768x320.jpg 768w, https:\/\/immo78.ch\/wp-content\/uploads\/2022\/05\/Besson_Penthalaz-aspect-ratio-1920-800-1-1536x640.jpg 1536w\" sizes=\"(max-width: 1920px) 100vw, 1920px\" \/>\t\t\t\t\t\t\t\t\t\t\t\t\t\t\t<\/div>\n\t\t\t\t<\/div>\n\t\t\t\t\t<\/div>\n\t\t<\/div>\n\t\t\t\t\t<\/div>\n\t\t<\/section>\n\t\t\t\t<section data-particle_enable=\"false\" data-particle-mobile-disabled=\"false\" class=\"has_ae_slider elementor-section elementor-top-section elementor-element elementor-element-1ae69bae elementor-section-boxed elementor-section-height-default elementor-section-height-default ae-bg-gallery-type-default\" data-id=\"1ae69bae\" data-element_type=\"section\" data-e-type=\"section\" data-settings=\"{&quot;jet_parallax_layout_list&quot;:[]}\">\n\t\t\t\t\t\t<div class=\"elementor-container elementor-column-gap-default\">\n\t\t\t\t\t<div class=\"has_ae_slider elementor-column elementor-col-33 elementor-top-column elementor-element elementor-element-6bea6fca ae-bg-gallery-type-default\" data-id=\"6bea6fca\" data-element_type=\"column\" data-e-type=\"column\">\n\t\t\t<div class=\"elementor-widget-wrap elementor-element-populated\">\n\t\t\t\t\t\t<div class=\"elementor-element elementor-element-78bb5f2b elementor-widget elementor-widget-text-editor\" data-id=\"78bb5f2b\" data-element_type=\"widget\" data-e-type=\"widget\" data-widget_type=\"text-editor.default\">\n\t\t\t\t<div class=\"elementor-widget-container\">\n\t\t\t\t\t\t\t\t\tImmo78 s\u00e0rl, de par ses collaborateurs exp\u00e9riment\u00e9s, est parfaitement capable de proposer des travaux de transformations et r\u00e9novations \u00e0 prix bloqu\u00e9s. Son exp\u00e9rience dans l\u2019approche architecturale de b\u00e2timents prot\u00e9g\u00e9s et ses \u00e9troites relations avec les services de l\u2019Etat dans les diff\u00e9rents cantons romands, donne une ouverture r\u00e9elle sur des projets particuliers.<br \/>\r\n\t\t\t\t\t\t\t\t<\/div>\n\t\t\t\t<\/div>\n\t\t\t\t\t<\/div>\n\t\t<\/div>\n\t\t\t\t<div class=\"has_ae_slider elementor-column elementor-col-33 elementor-top-column elementor-element elementor-element-7e33a39a ae-bg-gallery-type-default\" data-id=\"7e33a39a\" data-element_type=\"column\" data-e-type=\"column\">\n\t\t\t<div class=\"elementor-widget-wrap\">\n\t\t\t\t\t\t\t<\/div>\n\t\t<\/div>\n\t\t\t\t<div class=\"has_ae_slider elementor-column elementor-col-33 elementor-top-column elementor-element elementor-element-18ae964e ae-bg-gallery-type-default\" data-id=\"18ae964e\" data-element_type=\"column\" data-e-type=\"column\">\n\t\t\t<div class=\"elementor-widget-wrap\">\n\t\t\t\t\t\t\t<\/div>\n\t\t<\/div>\n\t\t\t\t\t<\/div>\n\t\t<\/section>\n\t\t\t\t<section data-particle_enable=\"false\" data-particle-mobile-disabled=\"false\" class=\"has_ae_slider elementor-section elementor-top-section elementor-element elementor-element-40324f8f elementor-section-boxed elementor-section-height-default elementor-section-height-default ae-bg-gallery-type-default\" data-id=\"40324f8f\" data-element_type=\"section\" data-e-type=\"section\" data-settings=\"{&quot;jet_parallax_layout_list&quot;:[]}\">\n\t\t\t\t\t\t<div class=\"elementor-container elementor-column-gap-default\">\n\t\t\t\t\t<div class=\"has_ae_slider elementor-column elementor-col-100 elementor-top-column elementor-element elementor-element-19d7e204 ae-bg-gallery-type-default\" data-id=\"19d7e204\" data-element_type=\"column\" data-e-type=\"column\">\n\t\t\t<div class=\"elementor-widget-wrap elementor-element-populated\">\n\t\t\t\t\t\t<div class=\"elementor-element elementor-element-4d54a0df elementor-align-justify elementor-widget elementor-widget-button\" data-id=\"4d54a0df\" data-element_type=\"widget\" data-e-type=\"widget\" data-widget_type=\"button.default\">\n\t\t\t\t<div class=\"elementor-widget-container\">\n\t\t\t\t\t\t\t\t\t<div class=\"elementor-button-wrapper\">\n\t\t\t\t\t<a class=\"elementor-button elementor-button-link elementor-size-sm\" href=\"mailto:info@atelier78.ch\">\n\t\t\t\t\t\t<span class=\"elementor-button-content-wrapper\">\n\t\t\t\t\t\t\t\t\t<span class=\"elementor-button-text\">Dieser Dienst interessiert mich<\/span>\n\t\t\t\t\t<\/span>\n\t\t\t\t\t<\/a>\n\t\t\t\t<\/div>\n\t\t\t\t\t\t\t\t<\/div>\n\t\t\t\t<\/div>\n\t\t\t\t\t<\/div>\n\t\t<\/div>\n\t\t\t\t\t<\/div>\n\t\t<\/section>\n\t\t\t\t<\/div>","protected":false},"excerpt":{"rendered":"<p>Dieser Dienst interessiert mich<\/p>","protected":false},"author":1,"featured_media":0,"parent":3256,"menu_order":4,"comment_status":"closed","ping_status":"closed","template":"elementor_header_footer","meta":{"_acf_changed":false,"inline_featured_image":false,"footnotes":""},"class_list":["post-3281","page","type-page","status-publish","hentry"],"acf":[],"_links":{"self":[{"href":"https:\/\/immo78.ch\/de\/wp-json\/wp\/v2\/pages\/3281","targetHints":{"allow":["GET"]}}],"collection":[{"href":"https:\/\/immo78.ch\/de\/wp-json\/wp\/v2\/pages"}],"about":[{"href":"https:\/\/immo78.ch\/de\/wp-json\/wp\/v2\/types\/page"}],"author":[{"embeddable":true,"href":"https:\/\/immo78.ch\/de\/wp-json\/wp\/v2\/users\/1"}],"replies":[{"embeddable":true,"href":"https:\/\/immo78.ch\/de\/wp-json\/wp\/v2\/comments?post=3281"}],"version-history":[{"count":0,"href":"https:\/\/immo78.ch\/de\/wp-json\/wp\/v2\/pages\/3281\/revisions"}],"up":[{"embeddable":true,"href":"https:\/\/immo78.ch\/de\/wp-json\/wp\/v2\/pages\/3256"}],"wp:attachment":[{"href":"https:\/\/immo78.ch\/de\/wp-json\/wp\/v2\/media?parent=3281"}],"curies":[{"name":"wp","href":"https:\/\/api.w.org\/{rel}","templated":true}]}}