{"id":3275,"date":"2022-04-26T12:08:10","date_gmt":"2022-04-26T10:08:10","guid":{"rendered":"https:\/\/immo78.ch\/?page_id=3275"},"modified":"2022-04-26T13:38:03","modified_gmt":"2022-04-26T11:38:03","slug":"architecture-personnalisee","status":"publish","type":"page","link":"https:\/\/immo78.ch\/de\/services\/architecture-personnalisee\/","title":{"rendered":"Individuelle Architektur"},"content":{"rendered":"<div data-elementor-type=\"wp-page\" data-elementor-id=\"3275\" class=\"elementor elementor-3275\" data-elementor-post-type=\"page\">\n\t\t\t\t\t\t<section data-particle_enable=\"false\" data-particle-mobile-disabled=\"false\" class=\"has_ae_slider elementor-section elementor-top-section elementor-element elementor-element-0262a4e elementor-section-boxed elementor-section-height-default elementor-section-height-default ae-bg-gallery-type-default\" data-id=\"0262a4e\" data-element_type=\"section\" data-e-type=\"section\" data-settings=\"{&quot;jet_parallax_layout_list&quot;:[]}\">\n\t\t\t\t\t\t<div class=\"elementor-container elementor-column-gap-default\">\n\t\t\t\t\t<div class=\"has_ae_slider elementor-column elementor-col-100 elementor-top-column elementor-element elementor-element-5b37366 ae-bg-gallery-type-default\" data-id=\"5b37366\" data-element_type=\"column\" data-e-type=\"column\">\n\t\t\t<div class=\"elementor-widget-wrap elementor-element-populated\">\n\t\t\t\t\t\t<div class=\"elementor-element elementor-element-aa80e67 elementor-widget elementor-widget-image\" data-id=\"aa80e67\" data-element_type=\"widget\" data-e-type=\"widget\" data-widget_type=\"image.default\">\n\t\t\t\t<div class=\"elementor-widget-container\">\n\t\t\t\t\t\t\t\t\t\t\t\t\t\t\t<img fetchpriority=\"high\" decoding=\"async\" width=\"1920\" height=\"800\" src=\"https:\/\/immo78.ch\/wp-content\/uploads\/2022\/04\/Architecture_personalisee-cover-aspect-ratio-1920-800.jpg\" class=\"attachment-full size-full wp-image-3340\" alt=\"\" srcset=\"https:\/\/immo78.ch\/wp-content\/uploads\/2022\/04\/Architecture_personalisee-cover-aspect-ratio-1920-800.jpg 1920w, https:\/\/immo78.ch\/wp-content\/uploads\/2022\/04\/Architecture_personalisee-cover-aspect-ratio-1920-800-300x125.jpg 300w, https:\/\/immo78.ch\/wp-content\/uploads\/2022\/04\/Architecture_personalisee-cover-aspect-ratio-1920-800-1024x427.jpg 1024w, https:\/\/immo78.ch\/wp-content\/uploads\/2022\/04\/Architecture_personalisee-cover-aspect-ratio-1920-800-768x320.jpg 768w, https:\/\/immo78.ch\/wp-content\/uploads\/2022\/04\/Architecture_personalisee-cover-aspect-ratio-1920-800-1536x640.jpg 1536w\" sizes=\"(max-width: 1920px) 100vw, 1920px\" \/>\t\t\t\t\t\t\t\t\t\t\t\t\t\t\t<\/div>\n\t\t\t\t<\/div>\n\t\t\t\t\t<\/div>\n\t\t<\/div>\n\t\t\t\t\t<\/div>\n\t\t<\/section>\n\t\t\t\t<section data-particle_enable=\"false\" data-particle-mobile-disabled=\"false\" class=\"has_ae_slider elementor-section elementor-top-section elementor-element elementor-element-d2f7053 elementor-section-boxed elementor-section-height-default elementor-section-height-default ae-bg-gallery-type-default\" data-id=\"d2f7053\" data-element_type=\"section\" data-e-type=\"section\" data-settings=\"{&quot;jet_parallax_layout_list&quot;:[]}\">\n\t\t\t\t\t\t<div class=\"elementor-container elementor-column-gap-default\">\n\t\t\t\t\t<div class=\"has_ae_slider elementor-column elementor-col-33 elementor-top-column elementor-element elementor-element-df72f4e ae-bg-gallery-type-default\" data-id=\"df72f4e\" data-element_type=\"column\" data-e-type=\"column\">\n\t\t\t<div class=\"elementor-widget-wrap elementor-element-populated\">\n\t\t\t\t\t\t<div class=\"elementor-element elementor-element-c882c91 elementor-widget elementor-widget-text-editor\" data-id=\"c882c91\" data-element_type=\"widget\" data-e-type=\"widget\" data-widget_type=\"text-editor.default\">\n\t\t\t\t<div class=\"elementor-widget-container\">\n\t\t\t\t\t\t\t\t\tN\u00e9e d\u2019une volont\u00e9 d\u2019\u00e9tendre son activit\u00e9 de construction g\u00e9n\u00e9rale et de promotion, Immo78 s\u00e0rl, petite s\u0153ur d\u2019Atelier78 s\u00e0rl bureau d\u2019architecture, permet d\u00e8s lors de concr\u00e9tiser une id\u00e9e par sa r\u00e9alisation et surtout par une ma\u00eetrise du processus d\u2019avant-projet jusqu\u2019\u00e0 la remise des cl\u00e9s par les m\u00eames interlocuteurs. La soci\u00e9t\u00e9 se distingue par un d\u00e9sir ambitieux de proposer des objets contemporains dont l\u2019esth\u00e9tique tant int\u00e9rieur qu\u2019ext\u00e9rieur sera valoris\u00e9e et soign\u00e9e.\t\t\t\t\t\t\t\t<\/div>\n\t\t\t\t<\/div>\n\t\t\t\t\t<\/div>\n\t\t<\/div>\n\t\t\t\t<div class=\"has_ae_slider elementor-column elementor-col-33 elementor-top-column elementor-element elementor-element-4eaa939 ae-bg-gallery-type-default\" data-id=\"4eaa939\" data-element_type=\"column\" data-e-type=\"column\">\n\t\t\t<div class=\"elementor-widget-wrap\">\n\t\t\t\t\t\t\t<\/div>\n\t\t<\/div>\n\t\t\t\t<div class=\"has_ae_slider elementor-column elementor-col-33 elementor-top-column elementor-element elementor-element-837b3e7 ae-bg-gallery-type-default\" data-id=\"837b3e7\" data-element_type=\"column\" data-e-type=\"column\">\n\t\t\t<div class=\"elementor-widget-wrap\">\n\t\t\t\t\t\t\t<\/div>\n\t\t<\/div>\n\t\t\t\t\t<\/div>\n\t\t<\/section>\n\t\t\t\t<section data-particle_enable=\"false\" data-particle-mobile-disabled=\"false\" class=\"has_ae_slider elementor-section elementor-top-section elementor-element elementor-element-3d12ec1 elementor-section-boxed elementor-section-height-default elementor-section-height-default ae-bg-gallery-type-default\" data-id=\"3d12ec1\" data-element_type=\"section\" data-e-type=\"section\" data-settings=\"{&quot;jet_parallax_layout_list&quot;:[]}\">\n\t\t\t\t\t\t<div class=\"elementor-container elementor-column-gap-default\">\n\t\t\t\t\t<div class=\"has_ae_slider elementor-column elementor-col-100 elementor-top-column elementor-element elementor-element-446ad1f ae-bg-gallery-type-default\" data-id=\"446ad1f\" data-element_type=\"column\" data-e-type=\"column\">\n\t\t\t<div class=\"elementor-widget-wrap elementor-element-populated\">\n\t\t\t\t\t\t<div class=\"elementor-element elementor-element-d95ec97 elementor-align-justify elementor-widget elementor-widget-button\" data-id=\"d95ec97\" data-element_type=\"widget\" data-e-type=\"widget\" data-widget_type=\"button.default\">\n\t\t\t\t<div class=\"elementor-widget-container\">\n\t\t\t\t\t\t\t\t\t<div class=\"elementor-button-wrapper\">\n\t\t\t\t\t<a class=\"elementor-button elementor-button-link elementor-size-sm\" href=\"mailto:info@atelier78.ch\">\n\t\t\t\t\t\t<span class=\"elementor-button-content-wrapper\">\n\t\t\t\t\t\t\t\t\t<span class=\"elementor-button-text\">Dieser Dienst interessiert mich<\/span>\n\t\t\t\t\t<\/span>\n\t\t\t\t\t<\/a>\n\t\t\t\t<\/div>\n\t\t\t\t\t\t\t\t<\/div>\n\t\t\t\t<\/div>\n\t\t\t\t\t<\/div>\n\t\t<\/div>\n\t\t\t\t\t<\/div>\n\t\t<\/section>\n\t\t\t\t<\/div>","protected":false},"excerpt":{"rendered":"<p>Dieser Dienst interessiert mich<\/p>","protected":false},"author":1,"featured_media":0,"parent":3256,"menu_order":1,"comment_status":"closed","ping_status":"closed","template":"elementor_header_footer","meta":{"_acf_changed":false,"inline_featured_image":false,"footnotes":""},"class_list":["post-3275","page","type-page","status-publish","hentry"],"acf":[],"_links":{"self":[{"href":"https:\/\/immo78.ch\/de\/wp-json\/wp\/v2\/pages\/3275","targetHints":{"allow":["GET"]}}],"collection":[{"href":"https:\/\/immo78.ch\/de\/wp-json\/wp\/v2\/pages"}],"about":[{"href":"https:\/\/immo78.ch\/de\/wp-json\/wp\/v2\/types\/page"}],"author":[{"embeddable":true,"href":"https:\/\/immo78.ch\/de\/wp-json\/wp\/v2\/users\/1"}],"replies":[{"embeddable":true,"href":"https:\/\/immo78.ch\/de\/wp-json\/wp\/v2\/comments?post=3275"}],"version-history":[{"count":0,"href":"https:\/\/immo78.ch\/de\/wp-json\/wp\/v2\/pages\/3275\/revisions"}],"up":[{"embeddable":true,"href":"https:\/\/immo78.ch\/de\/wp-json\/wp\/v2\/pages\/3256"}],"wp:attachment":[{"href":"https:\/\/immo78.ch\/de\/wp-json\/wp\/v2\/media?parent=3275"}],"curies":[{"name":"wp","href":"https:\/\/api.w.org\/{rel}","templated":true}]}}